{"id":31,"date":"2018-09-13T14:19:22","date_gmt":"2018-09-13T14:19:22","guid":{"rendered":"https:\/\/www.primaverahouseportsoller.com\/?page_id=31"},"modified":"2023-11-08T09:19:57","modified_gmt":"2023-11-08T09:19:57","slug":"hotel-soller-serra-de-tramuntana","status":"publish","type":"page","link":"https:\/\/www.primaverahouseportsoller.com\/es\/hotel-soller-serra-de-tramuntana\/","title":{"rendered":"Localizaci\u00f3n"},"content":{"rendered":"","protected":false},"excerpt":{"rendered":"","protected":false},"author":1,"featured_media":0,"parent":0,"menu_order":0,"comment_status":"closed","ping_status":"closed","template":"","meta":{"footnotes":""},"class_list":["post-31","page","type-page","status-publish","hentry"],"yoast_head":"<!-- This site is optimized with the Yoast SEO plugin v27.4 - https:\/\/yoast.com\/product\/yoast-seo-wordpress\/ -->\n<title>En la Serra de Tramuntana | Sol Port by Unusual Hotels en S\u00f3ller<\/title>\n<meta name=\"description\" content=\"S\u00f3ller y su puerto deparan al visitante una experiencia \u00fanica. Ser\u00e1 todo un placer redescubrir el peque\u00f1o tesoro natural de nuestra casa.\" \/>\n<meta name=\"robots\" content=\"index, follow, max-snippet:-1, max-image-preview:large, max-video-preview:-1\" \/>\n<link rel=\"canonical\" href=\"https:\/\/www.primaverahouseportsoller.com\/es\/hotel-soller-serra-de-tramuntana\/\" \/>\n<meta property=\"og:locale\" content=\"es_ES\" \/>\n<meta property=\"og:type\" content=\"article\" \/>\n<meta property=\"og:title\" content=\"En la Serra de Tramuntana | Sol Port by Unusual Hotels en S\u00f3ller\" \/>\n<meta property=\"og:description\" content=\"S\u00f3ller y su puerto deparan al visitante una experiencia \u00fanica. Ser\u00e1 todo un placer redescubrir el peque\u00f1o tesoro natural de nuestra casa.\" \/>\n<meta property=\"og:url\" content=\"https:\/\/www.primaverahouseportsoller.com\/es\/hotel-soller-serra-de-tramuntana\/\" \/>\n<meta property=\"og:site_name\" content=\"Sol Port Soller\" \/>\n<meta property=\"article:modified_time\" content=\"2023-11-08T09:19:57+00:00\" \/>\n<meta name=\"twitter:card\" content=\"summary_large_image\" \/>\n<script type=\"application\/ld+json\" class=\"yoast-schema-graph\">{\"@context\":\"https:\\\/\\\/schema.org\",\"@graph\":[{\"@type\":\"WebPage\",\"@id\":\"https:\\\/\\\/www.primaverahouseportsoller.com\\\/es\\\/hotel-soller-serra-de-tramuntana\\\/\",\"url\":\"https:\\\/\\\/www.primaverahouseportsoller.com\\\/es\\\/hotel-soller-serra-de-tramuntana\\\/\",\"name\":\"En la Serra de Tramuntana | Sol Port by Unusual Hotels en S\u00f3ller\",\"isPartOf\":{\"@id\":\"https:\\\/\\\/www.primaverahouseportsoller.com\\\/#website\"},\"datePublished\":\"2018-09-13T14:19:22+00:00\",\"dateModified\":\"2023-11-08T09:19:57+00:00\",\"description\":\"S\u00f3ller y su puerto deparan al visitante una experiencia \u00fanica. Ser\u00e1 todo un placer redescubrir el peque\u00f1o tesoro natural de nuestra casa.\",\"breadcrumb\":{\"@id\":\"https:\\\/\\\/www.primaverahouseportsoller.com\\\/es\\\/hotel-soller-serra-de-tramuntana\\\/#breadcrumb\"},\"inLanguage\":\"es\",\"potentialAction\":[{\"@type\":\"ReadAction\",\"target\":[\"https:\\\/\\\/www.primaverahouseportsoller.com\\\/es\\\/hotel-soller-serra-de-tramuntana\\\/\"]}]},{\"@type\":\"BreadcrumbList\",\"@id\":\"https:\\\/\\\/www.primaverahouseportsoller.com\\\/es\\\/hotel-soller-serra-de-tramuntana\\\/#breadcrumb\",\"itemListElement\":[{\"@type\":\"ListItem\",\"position\":1,\"name\":\"Portada\",\"item\":\"https:\\\/\\\/www.primaverahouseportsoller.com\\\/es\\\/\"},{\"@type\":\"ListItem\",\"position\":2,\"name\":\"Localizaci\u00f3n\"}]},{\"@type\":\"WebSite\",\"@id\":\"https:\\\/\\\/www.primaverahouseportsoller.com\\\/#website\",\"url\":\"https:\\\/\\\/www.primaverahouseportsoller.com\\\/\",\"name\":\"Sol Port Soller\",\"description\":\"\",\"potentialAction\":[{\"@type\":\"SearchAction\",\"target\":{\"@type\":\"EntryPoint\",\"urlTemplate\":\"https:\\\/\\\/www.primaverahouseportsoller.com\\\/?s={search_term_string}\"},\"query-input\":{\"@type\":\"PropertyValueSpecification\",\"valueRequired\":true,\"valueName\":\"search_term_string\"}}],\"inLanguage\":\"es\"}]}<\/script>\n<!-- \/ Yoast SEO plugin. -->","yoast_head_json":{"title":"En la Serra de Tramuntana | Sol Port by Unusual Hotels en S\u00f3ller","description":"S\u00f3ller y su puerto deparan al visitante una experiencia \u00fanica. Ser\u00e1 todo un placer redescubrir el peque\u00f1o tesoro natural de nuestra casa.","robots":{"index":"index","follow":"follow","max-snippet":"max-snippet:-1","max-image-preview":"max-image-preview:large","max-video-preview":"max-video-preview:-1"},"canonical":"https:\/\/www.primaverahouseportsoller.com\/es\/hotel-soller-serra-de-tramuntana\/","og_locale":"es_ES","og_type":"article","og_title":"En la Serra de Tramuntana | Sol Port by Unusual Hotels en S\u00f3ller","og_description":"S\u00f3ller y su puerto deparan al visitante una experiencia \u00fanica. Ser\u00e1 todo un placer redescubrir el peque\u00f1o tesoro natural de nuestra casa.","og_url":"https:\/\/www.primaverahouseportsoller.com\/es\/hotel-soller-serra-de-tramuntana\/","og_site_name":"Sol Port Soller","article_modified_time":"2023-11-08T09:19:57+00:00","twitter_card":"summary_large_image","schema":{"@context":"https:\/\/schema.org","@graph":[{"@type":"WebPage","@id":"https:\/\/www.primaverahouseportsoller.com\/es\/hotel-soller-serra-de-tramuntana\/","url":"https:\/\/www.primaverahouseportsoller.com\/es\/hotel-soller-serra-de-tramuntana\/","name":"En la Serra de Tramuntana | Sol Port by Unusual Hotels en S\u00f3ller","isPartOf":{"@id":"https:\/\/www.primaverahouseportsoller.com\/#website"},"datePublished":"2018-09-13T14:19:22+00:00","dateModified":"2023-11-08T09:19:57+00:00","description":"S\u00f3ller y su puerto deparan al visitante una experiencia \u00fanica. Ser\u00e1 todo un placer redescubrir el peque\u00f1o tesoro natural de nuestra casa.","breadcrumb":{"@id":"https:\/\/www.primaverahouseportsoller.com\/es\/hotel-soller-serra-de-tramuntana\/#breadcrumb"},"inLanguage":"es","potentialAction":[{"@type":"ReadAction","target":["https:\/\/www.primaverahouseportsoller.com\/es\/hotel-soller-serra-de-tramuntana\/"]}]},{"@type":"BreadcrumbList","@id":"https:\/\/www.primaverahouseportsoller.com\/es\/hotel-soller-serra-de-tramuntana\/#breadcrumb","itemListElement":[{"@type":"ListItem","position":1,"name":"Portada","item":"https:\/\/www.primaverahouseportsoller.com\/es\/"},{"@type":"ListItem","position":2,"name":"Localizaci\u00f3n"}]},{"@type":"WebSite","@id":"https:\/\/www.primaverahouseportsoller.com\/#website","url":"https:\/\/www.primaverahouseportsoller.com\/","name":"Sol Port Soller","description":"","potentialAction":[{"@type":"SearchAction","target":{"@type":"EntryPoint","urlTemplate":"https:\/\/www.primaverahouseportsoller.com\/?s={search_term_string}"},"query-input":{"@type":"PropertyValueSpecification","valueRequired":true,"valueName":"search_term_string"}}],"inLanguage":"es"}]}},"_links":{"self":[{"href":"https:\/\/www.primaverahouseportsoller.com\/es\/wp-json\/wp\/v2\/pages\/31","targetHints":{"allow":["GET"]}}],"collection":[{"href":"https:\/\/www.primaverahouseportsoller.com\/es\/wp-json\/wp\/v2\/pages"}],"about":[{"href":"https:\/\/www.primaverahouseportsoller.com\/es\/wp-json\/wp\/v2\/types\/page"}],"author":[{"embeddable":true,"href":"https:\/\/www.primaverahouseportsoller.com\/es\/wp-json\/wp\/v2\/users\/1"}],"replies":[{"embeddable":true,"href":"https:\/\/www.primaverahouseportsoller.com\/es\/wp-json\/wp\/v2\/comments?post=31"}],"version-history":[{"count":0,"href":"https:\/\/www.primaverahouseportsoller.com\/es\/wp-json\/wp\/v2\/pages\/31\/revisions"}],"wp:attachment":[{"href":"https:\/\/www.primaverahouseportsoller.com\/es\/wp-json\/wp\/v2\/media?parent=31"}],"curies":[{"name":"wp","href":"https:\/\/api.w.org\/{rel}","templated":true}]}}