{"id":5,"date":"2018-09-13T10:16:58","date_gmt":"2018-09-13T10:16:58","guid":{"rendered":"https:\/\/www.primaverahouseportsoller.com\/?page_id=5"},"modified":"2026-03-27T17:56:26","modified_gmt":"2026-03-27T17:56:26","slug":"inicio","status":"publish","type":"page","link":"https:\/\/www.primaverahouseportsoller.com\/es\/","title":{"rendered":"Inicio"},"content":{"rendered":"","protected":false},"excerpt":{"rendered":"","protected":false},"author":1,"featured_media":0,"parent":0,"menu_order":0,"comment_status":"closed","ping_status":"closed","template":"","meta":{"footnotes":""},"class_list":["post-5","page","type-page","status-publish","hentry"],"yoast_head":"<!-- This site is optimized with the Yoast SEO plugin v27.4 - https:\/\/yoast.com\/product\/yoast-seo-wordpress\/ -->\n<title>Sol Port by Unusual Hotels in S\u00f3ller | Web Oficial<\/title>\n<meta name=\"description\" content=\"Vive una estancia de lujo en S\u00f3ller, uno de los pueblos con m\u00e1s encanto de la isla. Bienvenido a nuestra casa en S\u00f3ller, bienvenido a tu pueblo.\" \/>\n<meta name=\"robots\" content=\"index, follow, max-snippet:-1, max-image-preview:large, max-video-preview:-1\" \/>\n<link rel=\"canonical\" href=\"https:\/\/www.primaverahouseportsoller.com\/es\/\" \/>\n<meta property=\"og:locale\" content=\"es_ES\" \/>\n<meta property=\"og:type\" content=\"article\" \/>\n<meta property=\"og:title\" content=\"Sol Port by Unusual Hotels in S\u00f3ller | Web Oficial\" \/>\n<meta property=\"og:description\" content=\"Vive una estancia de lujo en S\u00f3ller, uno de los pueblos con m\u00e1s encanto de la isla. Bienvenido a nuestra casa en S\u00f3ller, bienvenido a tu pueblo.\" \/>\n<meta property=\"og:url\" content=\"https:\/\/www.primaverahouseportsoller.com\/es\/\" \/>\n<meta property=\"og:site_name\" content=\"Sol Port Soller\" \/>\n<meta property=\"article:modified_time\" content=\"2026-03-27T17:56:26+00:00\" \/>\n<meta name=\"twitter:card\" content=\"summary_large_image\" \/>\n<script type=\"application\/ld+json\" class=\"yoast-schema-graph\">{\"@context\":\"https:\\\/\\\/schema.org\",\"@graph\":[{\"@type\":\"WebPage\",\"@id\":\"https:\\\/\\\/www.primaverahouseportsoller.com\\\/es\\\/\",\"url\":\"https:\\\/\\\/www.primaverahouseportsoller.com\\\/es\\\/\",\"name\":\"Sol Port by Unusual Hotels in S\u00f3ller | Web Oficial\",\"isPartOf\":{\"@id\":\"https:\\\/\\\/www.primaverahouseportsoller.com\\\/#website\"},\"datePublished\":\"2018-09-13T10:16:58+00:00\",\"dateModified\":\"2026-03-27T17:56:26+00:00\",\"description\":\"Vive una estancia de lujo en S\u00f3ller, uno de los pueblos con m\u00e1s encanto de la isla. Bienvenido a nuestra casa en S\u00f3ller, bienvenido a tu pueblo.\",\"breadcrumb\":{\"@id\":\"https:\\\/\\\/www.primaverahouseportsoller.com\\\/es\\\/#breadcrumb\"},\"inLanguage\":\"es\",\"potentialAction\":[{\"@type\":\"ReadAction\",\"target\":[\"https:\\\/\\\/www.primaverahouseportsoller.com\\\/es\\\/\"]}]},{\"@type\":\"BreadcrumbList\",\"@id\":\"https:\\\/\\\/www.primaverahouseportsoller.com\\\/es\\\/#breadcrumb\",\"itemListElement\":[{\"@type\":\"ListItem\",\"position\":1,\"name\":\"Portada\",\"item\":\"https:\\\/\\\/www.primaverahouseportsoller.com\\\/es\\\/\"},{\"@type\":\"ListItem\",\"position\":2,\"name\":\"Inicio\"}]},{\"@type\":\"WebSite\",\"@id\":\"https:\\\/\\\/www.primaverahouseportsoller.com\\\/#website\",\"url\":\"https:\\\/\\\/www.primaverahouseportsoller.com\\\/\",\"name\":\"Sol Port Soller\",\"description\":\"\",\"potentialAction\":[{\"@type\":\"SearchAction\",\"target\":{\"@type\":\"EntryPoint\",\"urlTemplate\":\"https:\\\/\\\/www.primaverahouseportsoller.com\\\/?s={search_term_string}\"},\"query-input\":{\"@type\":\"PropertyValueSpecification\",\"valueRequired\":true,\"valueName\":\"search_term_string\"}}],\"inLanguage\":\"es\"}]}<\/script>\n<!-- \/ Yoast SEO plugin. -->","yoast_head_json":{"title":"Sol Port by Unusual Hotels in S\u00f3ller | Web Oficial","description":"Vive una estancia de lujo en S\u00f3ller, uno de los pueblos con m\u00e1s encanto de la isla. Bienvenido a nuestra casa en S\u00f3ller, bienvenido a tu pueblo.","robots":{"index":"index","follow":"follow","max-snippet":"max-snippet:-1","max-image-preview":"max-image-preview:large","max-video-preview":"max-video-preview:-1"},"canonical":"https:\/\/www.primaverahouseportsoller.com\/es\/","og_locale":"es_ES","og_type":"article","og_title":"Sol Port by Unusual Hotels in S\u00f3ller | Web Oficial","og_description":"Vive una estancia de lujo en S\u00f3ller, uno de los pueblos con m\u00e1s encanto de la isla. Bienvenido a nuestra casa en S\u00f3ller, bienvenido a tu pueblo.","og_url":"https:\/\/www.primaverahouseportsoller.com\/es\/","og_site_name":"Sol Port Soller","article_modified_time":"2026-03-27T17:56:26+00:00","twitter_card":"summary_large_image","schema":{"@context":"https:\/\/schema.org","@graph":[{"@type":"WebPage","@id":"https:\/\/www.primaverahouseportsoller.com\/es\/","url":"https:\/\/www.primaverahouseportsoller.com\/es\/","name":"Sol Port by Unusual Hotels in S\u00f3ller | Web Oficial","isPartOf":{"@id":"https:\/\/www.primaverahouseportsoller.com\/#website"},"datePublished":"2018-09-13T10:16:58+00:00","dateModified":"2026-03-27T17:56:26+00:00","description":"Vive una estancia de lujo en S\u00f3ller, uno de los pueblos con m\u00e1s encanto de la isla. Bienvenido a nuestra casa en S\u00f3ller, bienvenido a tu pueblo.","breadcrumb":{"@id":"https:\/\/www.primaverahouseportsoller.com\/es\/#breadcrumb"},"inLanguage":"es","potentialAction":[{"@type":"ReadAction","target":["https:\/\/www.primaverahouseportsoller.com\/es\/"]}]},{"@type":"BreadcrumbList","@id":"https:\/\/www.primaverahouseportsoller.com\/es\/#breadcrumb","itemListElement":[{"@type":"ListItem","position":1,"name":"Portada","item":"https:\/\/www.primaverahouseportsoller.com\/es\/"},{"@type":"ListItem","position":2,"name":"Inicio"}]},{"@type":"WebSite","@id":"https:\/\/www.primaverahouseportsoller.com\/#website","url":"https:\/\/www.primaverahouseportsoller.com\/","name":"Sol Port Soller","description":"","potentialAction":[{"@type":"SearchAction","target":{"@type":"EntryPoint","urlTemplate":"https:\/\/www.primaverahouseportsoller.com\/?s={search_term_string}"},"query-input":{"@type":"PropertyValueSpecification","valueRequired":true,"valueName":"search_term_string"}}],"inLanguage":"es"}]}},"_links":{"self":[{"href":"https:\/\/www.primaverahouseportsoller.com\/es\/wp-json\/wp\/v2\/pages\/5","targetHints":{"allow":["GET"]}}],"collection":[{"href":"https:\/\/www.primaverahouseportsoller.com\/es\/wp-json\/wp\/v2\/pages"}],"about":[{"href":"https:\/\/www.primaverahouseportsoller.com\/es\/wp-json\/wp\/v2\/types\/page"}],"author":[{"embeddable":true,"href":"https:\/\/www.primaverahouseportsoller.com\/es\/wp-json\/wp\/v2\/users\/1"}],"replies":[{"embeddable":true,"href":"https:\/\/www.primaverahouseportsoller.com\/es\/wp-json\/wp\/v2\/comments?post=5"}],"version-history":[{"count":0,"href":"https:\/\/www.primaverahouseportsoller.com\/es\/wp-json\/wp\/v2\/pages\/5\/revisions"}],"wp:attachment":[{"href":"https:\/\/www.primaverahouseportsoller.com\/es\/wp-json\/wp\/v2\/media?parent=5"}],"curies":[{"name":"wp","href":"https:\/\/api.w.org\/{rel}","templated":true}]}}